{"id":1647,"date":"2021-11-21T15:12:46","date_gmt":"2021-11-21T15:12:46","guid":{"rendered":"https:\/\/autocollants.fr\/autocollant\/?page_id=1647"},"modified":"2024-01-12T09:37:22","modified_gmt":"2024-01-12T08:37:22","slug":"accueil","status":"publish","type":"page","link":"https:\/\/autocollants.fr\/autocollant\/","title":{"rendered":"Accueil"},"content":{"rendered":"\t\t<div data-elementor-type=\"wp-page\" data-elementor-id=\"1647\" class=\"elementor elementor-1647\">\n\t\t\t\t<div class=\"elementor-element elementor-element-9e1a3b7 e-flex e-con-boxed e-con e-parent\" data-id=\"9e1a3b7\" data-element_type=\"container\" data-e-type=\"container\" data-settings=\"{&quot;background_background&quot;:&quot;classic&quot;}\">\n\t\t\t\t\t<div class=\"e-con-inner\">\n\t\t<div class=\"elementor-element elementor-element-8f73ee5 e-flex e-con-boxed e-con e-child\" data-id=\"8f73ee5\" data-element_type=\"container\" data-e-type=\"container\">\n\t\t\t\t\t<div class=\"e-con-inner\">\n\t\t\t\t<div class=\"elementor-element elementor-element-93873aa elementor-widget elementor-widget-heading\" data-id=\"93873aa\" data-element_type=\"widget\" data-e-type=\"widget\" data-widget_type=\"heading.default\">\n\t\t\t\t<div class=\"elementor-widget-container\">\n\t\t\t\t\t<h1 class=\"elementor-heading-title elementor-size-default\">Autocollants<\/h1>\t\t\t\t<\/div>\n\t\t\t\t<\/div>\n\t\t\t\t<div class=\"elementor-element elementor-element-e46045d elementor-widget elementor-widget-text-editor\" data-id=\"e46045d\" data-element_type=\"widget\" data-e-type=\"widget\" data-widget_type=\"text-editor.default\">\n\t\t\t\t<div class=\"elementor-widget-container\">\n\t\t\t\t\t\t\t\t\t<p>Votre Partenaire de\u00a0<strong>Confiance<\/strong>\u00a0pour vos demandes dans le domaine de l\u2019adh\u00e9sif<\/p>\t\t\t\t\t\t\t\t<\/div>\n\t\t\t\t<\/div>\n\t\t\t\t\t<\/div>\n\t\t\t\t<\/div>\n\t\t\t\t\t<\/div>\n\t\t\t\t<\/div>\n\t\t<div class=\"elementor-element elementor-element-96bd614 e-flex e-con-boxed e-con e-parent\" data-id=\"96bd614\" data-element_type=\"container\" data-e-type=\"container\">\n\t\t\t\t\t<div class=\"e-con-inner\">\n\t\t<div class=\"elementor-element elementor-element-f6f7e27 e-flex e-con-boxed e-con e-child\" data-id=\"f6f7e27\" data-element_type=\"container\" data-e-type=\"container\">\n\t\t\t\t\t<div class=\"e-con-inner\">\n\t\t\t\t<div class=\"elementor-element elementor-element-d16f5b6 elementor-widget elementor-widget-heading\" data-id=\"d16f5b6\" data-element_type=\"widget\" data-e-type=\"widget\" data-widget_type=\"heading.default\">\n\t\t\t\t<div class=\"elementor-widget-container\">\n\t\t\t\t\t<h2 class=\"elementor-heading-title elementor-size-default\">Stickers - Lettrages - Thermocollants<\/h2>\t\t\t\t<\/div>\n\t\t\t\t<\/div>\n\t\t\t\t<div class=\"elementor-element elementor-element-49160ad elementor-widget-divider--view-line elementor-widget elementor-widget-divider\" data-id=\"49160ad\" data-element_type=\"widget\" data-e-type=\"widget\" data-widget_type=\"divider.default\">\n\t\t\t\t<div class=\"elementor-widget-container\">\n\t\t\t\t\t\t\t<div class=\"elementor-divider\">\n\t\t\t<span class=\"elementor-divider-separator\">\n\t\t\t\t\t\t<\/span>\n\t\t<\/div>\n\t\t\t\t\t\t<\/div>\n\t\t\t\t<\/div>\n\t\t<div class=\"elementor-element elementor-element-a306a4a e-flex e-con-boxed e-con e-child\" data-id=\"a306a4a\" data-element_type=\"container\" data-e-type=\"container\">\n\t\t\t\t\t<div class=\"e-con-inner\">\n\t\t<div class=\"elementor-element elementor-element-80cb892 e-flex e-con-boxed e-con e-child\" data-id=\"80cb892\" data-element_type=\"container\" data-e-type=\"container\">\n\t\t\t\t\t<div class=\"e-con-inner\">\n\t\t\t\t<div class=\"elementor-element elementor-element-c34ceca elementor-widget elementor-widget-text-editor\" data-id=\"c34ceca\" data-element_type=\"widget\" data-e-type=\"widget\" data-widget_type=\"text-editor.default\">\n\t\t\t\t<div class=\"elementor-widget-container\">\n\t\t\t\t\t\t\t\t\t<p>Nous sommes sp\u00e9cialis\u00e9s dans l<strong>\u2018impression d\u2019adh\u00e9sifs<\/strong>\u00a0et travaillons avec nos prescripteurs dans toute la France et l\u2019Europe.<\/p><p>D\u00e9couvrez toute une gamme de mati\u00e8res autocollantes avec des finitions diverses ainsi que des colles sp\u00e9cifiques pour des besoins sp\u00e9cifiques. Toutes les formes de d\u00e9coupes sont possibles sur nos stickers ainsi que toutes les tailles sans suppl\u00e9ment de prix.<\/p>\t\t\t\t\t\t\t\t<\/div>\n\t\t\t\t<\/div>\n\t\t\t\t<div class=\"elementor-element elementor-element-81a34ee elementor-widget elementor-widget-image\" data-id=\"81a34ee\" data-element_type=\"widget\" data-e-type=\"widget\" data-widget_type=\"image.default\">\n\t\t\t\t<div class=\"elementor-widget-container\">\n\t\t\t\t\t\t\t\t\t\t\t\t\t\t\t<img fetchpriority=\"high\" decoding=\"async\" width=\"800\" height=\"600\" src=\"https:\/\/autocollants.fr\/autocollant\/wp-content\/uploads\/2021\/02\/vernis-selectif-5.jpg\" class=\"attachment-large size-large wp-image-1428\" alt=\"vernis-selectif\" srcset=\"https:\/\/autocollants.fr\/autocollant\/wp-content\/uploads\/2021\/02\/vernis-selectif-5.jpg 800w, https:\/\/autocollants.fr\/autocollant\/wp-content\/uploads\/2021\/02\/vernis-selectif-5-300x225.jpg 300w, https:\/\/autocollants.fr\/autocollant\/wp-content\/uploads\/2021\/02\/vernis-selectif-5-768x576.jpg 768w\" sizes=\"(max-width: 800px) 100vw, 800px\" \/>\t\t\t\t\t\t\t\t\t\t\t\t\t\t\t<\/div>\n\t\t\t\t<\/div>\n\t\t\t\t\t<\/div>\n\t\t\t\t<\/div>\n\t\t<div class=\"elementor-element elementor-element-ea16af3 e-flex e-con-boxed e-con e-child\" data-id=\"ea16af3\" data-element_type=\"container\" data-e-type=\"container\">\n\t\t\t\t\t<div class=\"e-con-inner\">\n\t\t\t\t<div class=\"elementor-element elementor-element-643a654 elementor-widget elementor-widget-image\" data-id=\"643a654\" data-element_type=\"widget\" data-e-type=\"widget\" data-widget_type=\"image.default\">\n\t\t\t\t<div class=\"elementor-widget-container\">\n\t\t\t\t\t\t\t\t\t\t\t\t\t\t\t<img decoding=\"async\" width=\"720\" height=\"540\" src=\"https:\/\/autocollants.fr\/autocollant\/wp-content\/uploads\/2020\/11\/autocollants.jpg\" class=\"attachment-large size-large wp-image-1022\" alt=\"Assortiment d&#039;autocollants\" srcset=\"https:\/\/autocollants.fr\/autocollant\/wp-content\/uploads\/2020\/11\/autocollants.jpg 720w, https:\/\/autocollants.fr\/autocollant\/wp-content\/uploads\/2020\/11\/autocollants-300x225.jpg 300w\" sizes=\"(max-width: 720px) 100vw, 720px\" \/>\t\t\t\t\t\t\t\t\t\t\t\t\t\t\t<\/div>\n\t\t\t\t<\/div>\n\t\t\t\t<div class=\"elementor-element elementor-element-7e601cc elementor-widget elementor-widget-text-editor\" data-id=\"7e601cc\" data-element_type=\"widget\" data-e-type=\"widget\" data-widget_type=\"text-editor.default\">\n\t\t\t\t<div class=\"elementor-widget-container\">\n\t\t\t\t\t\t\t\t\tN\u2019h\u00e9sitez pas \u00e0\u00a0nous contacter\u00a0si vous avez des besoins particuliers que vous ne trouvez pas sur notre site, tous les produits n\u2019y sont pas pr\u00e9sent\u00e9s.\n\nAgences de communication, graphistes ind\u00e9pendants, grands groupes, petites start-ups, associations ou particuliers \u2026\nnous mettons tout en \u0153uvre afin de vous satisfaire.\n\nPour la production de tous vos autocollants personnalis\u00e9s en forme et en impression, vous pouvez nous\u00a0demander un devis\u00a0ou faire une estimation gr\u00e2ce \u00e0\u00a0notre calculateur en ligne.\t\t\t\t\t\t\t\t<\/div>\n\t\t\t\t<\/div>\n\t\t\t\t\t<\/div>\n\t\t\t\t<\/div>\n\t\t\t\t\t<\/div>\n\t\t\t\t<\/div>\n\t\t\t\t\t<\/div>\n\t\t\t\t<\/div>\n\t\t\t\t\t<\/div>\n\t\t\t\t<\/div>\n\t\t<div class=\"elementor-element elementor-element-eef07f1 e-flex e-con-boxed e-con e-parent\" data-id=\"eef07f1\" data-element_type=\"container\" data-e-type=\"container\" data-settings=\"{&quot;background_background&quot;:&quot;classic&quot;}\">\n\t\t\t\t\t<div class=\"e-con-inner\">\n\t\t<div class=\"elementor-element elementor-element-619546e e-flex e-con-boxed e-con e-child\" data-id=\"619546e\" data-element_type=\"container\" data-e-type=\"container\">\n\t\t\t\t\t<div class=\"e-con-inner\">\n\t\t\t\t\t<\/div>\n\t\t\t\t<\/div>\n\t\t<div class=\"elementor-element elementor-element-2c78475 e-flex e-con-boxed e-con e-child\" data-id=\"2c78475\" data-element_type=\"container\" data-e-type=\"container\">\n\t\t\t\t\t<div class=\"e-con-inner\">\n\t\t\t\t<div class=\"elementor-element elementor-element-4bde284 elementor-widget elementor-widget-text-editor\" data-id=\"4bde284\" data-element_type=\"widget\" data-e-type=\"widget\" data-widget_type=\"text-editor.default\">\n\t\t\t\t<div class=\"elementor-widget-container\">\n\t\t\t\t\t\t\t\t\t<p>Pas de quantit\u00e9 minimum ni de quantit\u00e9 impos\u00e9e<\/p><p>aucunes formes ni de tailles standards<\/p><p>z\u00e9ro frais techniques quelque soit la forme de d\u00e9coupe<\/p><p>vous nous envoyez votre fichier et vous visualisez votre projet avant de passer commande.<\/p>\t\t\t\t\t\t\t\t<\/div>\n\t\t\t\t<\/div>\n\t\t\t\t\t<\/div>\n\t\t\t\t<\/div>\n\t\t<div class=\"elementor-element elementor-element-87d7f45 e-flex e-con-boxed e-con e-child\" data-id=\"87d7f45\" data-element_type=\"container\" data-e-type=\"container\">\n\t\t\t\t\t<div class=\"e-con-inner\">\n\t\t\t\t\t<\/div>\n\t\t\t\t<\/div>\n\t\t\t\t\t<\/div>\n\t\t\t\t<\/div>\n\t\t<div class=\"elementor-element elementor-element-f457a2d e-flex e-con-boxed e-con e-parent\" data-id=\"f457a2d\" data-element_type=\"container\" data-e-type=\"container\">\n\t\t\t\t\t<div class=\"e-con-inner\">\n\t\t<div class=\"elementor-element elementor-element-3b5731b e-con-full e-flex e-con e-child\" data-id=\"3b5731b\" data-element_type=\"container\" data-e-type=\"container\">\n\t\t\t\t<div class=\"elementor-element elementor-element-375584b elementor-widget elementor-widget-heading\" data-id=\"375584b\" data-element_type=\"widget\" data-e-type=\"widget\" data-widget_type=\"heading.default\">\n\t\t\t\t<div class=\"elementor-widget-container\">\n\t\t\t\t\t<h4 class=\"elementor-heading-title elementor-size-default\">Vous souhaitez en savoir plus sur les diff\u00e9rents produits que nous proposons ?<\/h4>\t\t\t\t<\/div>\n\t\t\t\t<\/div>\n\t\t\t\t<div class=\"elementor-element elementor-element-18de470 elementor-align-right elementor-widget elementor-widget-button\" data-id=\"18de470\" data-element_type=\"widget\" data-e-type=\"widget\" data-widget_type=\"button.default\">\n\t\t\t\t<div class=\"elementor-widget-container\">\n\t\t\t\t\t\t\t\t\t<div class=\"elementor-button-wrapper\">\n\t\t\t\t\t<a class=\"elementor-button elementor-button-link elementor-size-sm\" href=\"https:\/\/stickers.fr\/autocollant\/index.php\/produits\/\">\n\t\t\t\t\t\t<span class=\"elementor-button-content-wrapper\">\n\t\t\t\t\t\t\t\t\t<span class=\"elementor-button-text\">Cliquez ici<\/span>\n\t\t\t\t\t<\/span>\n\t\t\t\t\t<\/a>\n\t\t\t\t<\/div>\n\t\t\t\t\t\t\t\t<\/div>\n\t\t\t\t<\/div>\n\t\t\t\t<\/div>\n\t\t<div class=\"elementor-element elementor-element-162cad4 elementor-hidden-mobile e-con-full e-flex e-con e-child\" data-id=\"162cad4\" data-element_type=\"container\" data-e-type=\"container\">\n\t\t\t\t<div class=\"elementor-element elementor-element-8aee090 elementor-widget elementor-widget-image\" data-id=\"8aee090\" data-element_type=\"widget\" data-e-type=\"widget\" data-widget_type=\"image.default\">\n\t\t\t\t<div class=\"elementor-widget-container\">\n\t\t\t\t\t\t\t\t\t\t\t\t\t\t\t<img decoding=\"async\" width=\"1920\" height=\"1182\" src=\"https:\/\/autocollants.fr\/autocollant\/wp-content\/uploads\/2020\/08\/stickers-header-1.jpg\" class=\"attachment-full size-full wp-image-664\" alt=\"autocollants stickers\" srcset=\"https:\/\/autocollants.fr\/autocollant\/wp-content\/uploads\/2020\/08\/stickers-header-1.jpg 1920w, https:\/\/autocollants.fr\/autocollant\/wp-content\/uploads\/2020\/08\/stickers-header-1-300x185.jpg 300w, https:\/\/autocollants.fr\/autocollant\/wp-content\/uploads\/2020\/08\/stickers-header-1-1024x630.jpg 1024w, https:\/\/autocollants.fr\/autocollant\/wp-content\/uploads\/2020\/08\/stickers-header-1-768x473.jpg 768w, https:\/\/autocollants.fr\/autocollant\/wp-content\/uploads\/2020\/08\/stickers-header-1-1536x946.jpg 1536w\" sizes=\"(max-width: 1920px) 100vw, 1920px\" \/>\t\t\t\t\t\t\t\t\t\t\t\t\t\t\t<\/div>\n\t\t\t\t<\/div>\n\t\t\t\t<\/div>\n\t\t\t\t\t<\/div>\n\t\t\t\t<\/div>\n\t\t<div class=\"elementor-element elementor-element-16ec7fa e-flex e-con-boxed e-con e-parent\" data-id=\"16ec7fa\" data-element_type=\"container\" data-e-type=\"container\" data-settings=\"{&quot;background_background&quot;:&quot;classic&quot;}\">\n\t\t\t\t\t<div class=\"e-con-inner\">\n\t\t<div class=\"elementor-element elementor-element-d13f07f e-con-full e-flex e-con e-child\" data-id=\"d13f07f\" data-element_type=\"container\" data-e-type=\"container\">\n\t\t\t\t<div class=\"elementor-element elementor-element-ba599af elementor-widget elementor-widget-heading\" data-id=\"ba599af\" data-element_type=\"widget\" data-e-type=\"widget\" data-widget_type=\"heading.default\">\n\t\t\t\t<div class=\"elementor-widget-container\">\n\t\t\t\t\t<h1 class=\"elementor-heading-title elementor-size-default\">Contactez-nous !<\/h1>\t\t\t\t<\/div>\n\t\t\t\t<\/div>\n\t\t\t\t<div class=\"elementor-element elementor-element-03937cd elementor-widget elementor-widget-text-editor\" data-id=\"03937cd\" data-element_type=\"widget\" data-e-type=\"widget\" data-widget_type=\"text-editor.default\">\n\t\t\t\t<div class=\"elementor-widget-container\">\n\t\t\t\t\t\t\t\t\t<p><strong>Notre service client est disponible :<\/strong><\/p><p><strong>Lundi \u2013 Jeudi<\/strong>\u00a0de\u00a0<strong>09h00<\/strong>\u00a0\u00e0\u00a0<strong>12h00<\/strong><\/p><p>et de\u00a0<strong>14h00<\/strong>\u00a0\u00e0\u00a0<strong>16h30<\/strong><\/p><p><strong>\u00a0\u00a0\u00a0\u00a0\u00a0 Vendredi<\/strong>\u00a0de<strong>\u00a009h00<\/strong>\u00a0\u00e0\u00a0<strong>12h00<\/strong><\/p>\t\t\t\t\t\t\t\t<\/div>\n\t\t\t\t<\/div>\n\t\t\t\t<div class=\"elementor-element elementor-element-bc6630d elementor-widget elementor-widget-text-editor\" data-id=\"bc6630d\" data-element_type=\"widget\" data-e-type=\"widget\" data-widget_type=\"text-editor.default\">\n\t\t\t\t<div class=\"elementor-widget-container\">\n\t\t\t\t\t\t\t\t\t<h4><strong>info@stickers.fr<\/strong><\/h4><p><strong>03 89 52 58 86<\/strong><\/p>\t\t\t\t\t\t\t\t<\/div>\n\t\t\t\t<\/div>\n\t\t\t\t<\/div>\n\t\t\t\t\t<\/div>\n\t\t\t\t<\/div>\n\t\t\t\t<\/div>\n\t\t","protected":false},"excerpt":{"rendered":"<p>Autocollants Votre Partenaire de\u00a0Confiance\u00a0pour vos demandes dans le domaine de l\u2019adh\u00e9sif Stickers &#8211; Lettrages &#8211; Thermocollants Nous sommes sp\u00e9cialis\u00e9s dans l\u2018impression d\u2019adh\u00e9sifs\u00a0et travaillons avec nos prescripteurs dans toute la France et l\u2019Europe. D\u00e9couvrez toute une gamme de mati\u00e8res autocollantes avec des finitions diverses ainsi que des colles sp\u00e9cifiques pour des besoins sp\u00e9cifiques. Toutes les formes [&hellip;]<\/p>\n","protected":false},"author":1,"featured_media":0,"parent":0,"menu_order":0,"comment_status":"closed","ping_status":"closed","template":"","meta":{"site-sidebar-layout":"no-sidebar","site-content-layout":"page-builder","ast-site-content-layout":"full-width-container","site-content-style":"unboxed","site-sidebar-style":"unboxed","ast-global-header-display":"","ast-banner-title-visibility":"","ast-main-header-display":"","ast-hfb-above-header-display":"","ast-hfb-below-header-display":"","ast-hfb-mobile-header-display":"","site-post-title":"disabled","ast-breadcrumbs-content":"","ast-featured-img":"disabled","footer-sml-layout":"","theme-transparent-header-meta":"enabled","adv-header-id-meta":"","stick-header-meta":"","header-above-stick-meta":"","header-main-stick-meta":"","header-below-stick-meta":"","astra-migrate-meta-layouts":"set","ast-page-background-enabled":"default","ast-page-background-meta":{"desktop":{"background-color":"var(--ast-global-color-4)","background-image":"","background-repeat":"repeat","background-position":"center center","background-size":"auto","background-attachment":"scroll","background-type":"","background-media":"","overlay-type":"","overlay-color":"","overlay-opacity":"","overlay-gradient":""},"tablet":{"background-color":"","background-image":"","background-repeat":"repeat","background-position":"center center","background-size":"auto","background-attachment":"scroll","background-type":"","background-media":"","overlay-type":"","overlay-color":"","overlay-opacity":"","overlay-gradient":""},"mobile":{"background-color":"","background-image":"","background-repeat":"repeat","background-position":"center center","background-size":"auto","background-attachment":"scroll","background-type":"","background-media":"","overlay-type":"","overlay-color":"","overlay-opacity":"","overlay-gradient":""}},"ast-content-background-meta":{"desktop":{"background-color":"var(--ast-global-color-5)","background-image":"","background-repeat":"repeat","background-position":"center center","background-size":"auto","background-attachment":"scroll","background-type":"","background-media":"","overlay-type":"","overlay-color":"","overlay-opacity":"","overlay-gradient":""},"tablet":{"background-color":"var(--ast-global-color-5)","background-image":"","background-repeat":"repeat","background-position":"center center","background-size":"auto","background-attachment":"scroll","background-type":"","background-media":"","overlay-type":"","overlay-color":"","overlay-opacity":"","overlay-gradient":""},"mobile":{"background-color":"var(--ast-global-color-5)","background-image":"","background-repeat":"repeat","background-position":"center center","background-size":"auto","background-attachment":"scroll","background-type":"","background-media":"","overlay-type":"","overlay-color":"","overlay-opacity":"","overlay-gradient":""}},"footnotes":""},"class_list":["post-1647","page","type-page","status-publish","hentry"],"yoast_head":"<!-- This site is optimized with the Yoast SEO plugin v27.5 - https:\/\/yoast.com\/product\/yoast-seo-wordpress\/ -->\n<title>Accueil - Autocollants.fr<\/title>\n<meta name=\"description\" content=\"Nous sommes sp\u00e9cialis\u00e9s dans l\u2018impression d\u2019adh\u00e9sifs et travaillons avec nos prescripteurs dans toute la France et l\u2019Europe.\" \/>\n<meta name=\"robots\" content=\"index, follow, max-snippet:-1, max-image-preview:large, max-video-preview:-1\" \/>\n<link rel=\"canonical\" href=\"https:\/\/autocollants.fr\/autocollant\/\" \/>\n<meta property=\"og:locale\" content=\"fr_FR\" \/>\n<meta property=\"og:type\" content=\"article\" \/>\n<meta property=\"og:title\" content=\"Accueil - Autocollants.fr\" \/>\n<meta property=\"og:description\" content=\"Nous sommes sp\u00e9cialis\u00e9s dans l\u2018impression d\u2019adh\u00e9sifs et travaillons avec nos prescripteurs dans toute la France et l\u2019Europe.\" \/>\n<meta property=\"og:url\" content=\"https:\/\/autocollants.fr\/autocollant\/\" \/>\n<meta property=\"og:site_name\" content=\"Autocollants.fr\" \/>\n<meta property=\"article:modified_time\" content=\"2024-01-12T08:37:22+00:00\" \/>\n<meta property=\"og:image\" content=\"https:\/\/autocollants.fr\/autocollant\/wp-content\/uploads\/2021\/02\/vernis-selectif-5.jpg\" \/>\n<meta name=\"twitter:card\" content=\"summary_large_image\" \/>\n<meta name=\"twitter:label1\" content=\"Dur\u00e9e de lecture estim\u00e9e\" \/>\n\t<meta name=\"twitter:data1\" content=\"2 minutes\" \/>\n<script type=\"application\/ld+json\" class=\"yoast-schema-graph\">{\"@context\":\"https:\\\/\\\/schema.org\",\"@graph\":[{\"@type\":\"WebPage\",\"@id\":\"https:\\\/\\\/autocollants.fr\\\/autocollant\\\/\",\"url\":\"https:\\\/\\\/autocollants.fr\\\/autocollant\\\/\",\"name\":\"Accueil - Autocollants.fr\",\"isPartOf\":{\"@id\":\"https:\\\/\\\/autocollants.fr\\\/autocollant\\\/#website\"},\"primaryImageOfPage\":{\"@id\":\"https:\\\/\\\/autocollants.fr\\\/autocollant\\\/#primaryimage\"},\"image\":{\"@id\":\"https:\\\/\\\/autocollants.fr\\\/autocollant\\\/#primaryimage\"},\"thumbnailUrl\":\"https:\\\/\\\/autocollants.fr\\\/autocollant\\\/wp-content\\\/uploads\\\/2021\\\/02\\\/vernis-selectif-5.jpg\",\"datePublished\":\"2021-11-21T15:12:46+00:00\",\"dateModified\":\"2024-01-12T08:37:22+00:00\",\"description\":\"Nous sommes sp\u00e9cialis\u00e9s dans l\u2018impression d\u2019adh\u00e9sifs et travaillons avec nos prescripteurs dans toute la France et l\u2019Europe.\",\"breadcrumb\":{\"@id\":\"https:\\\/\\\/autocollants.fr\\\/autocollant\\\/#breadcrumb\"},\"inLanguage\":\"fr-FR\",\"potentialAction\":[{\"@type\":\"ReadAction\",\"target\":[\"https:\\\/\\\/autocollants.fr\\\/autocollant\\\/\"]}]},{\"@type\":\"ImageObject\",\"inLanguage\":\"fr-FR\",\"@id\":\"https:\\\/\\\/autocollants.fr\\\/autocollant\\\/#primaryimage\",\"url\":\"https:\\\/\\\/autocollants.fr\\\/autocollant\\\/wp-content\\\/uploads\\\/2021\\\/02\\\/vernis-selectif-5.jpg\",\"contentUrl\":\"https:\\\/\\\/autocollants.fr\\\/autocollant\\\/wp-content\\\/uploads\\\/2021\\\/02\\\/vernis-selectif-5.jpg\",\"width\":800,\"height\":600,\"caption\":\"vernis-selectif\"},{\"@type\":\"BreadcrumbList\",\"@id\":\"https:\\\/\\\/autocollants.fr\\\/autocollant\\\/#breadcrumb\",\"itemListElement\":[{\"@type\":\"ListItem\",\"position\":1,\"name\":\"Accueil\",\"item\":\"https:\\\/\\\/autocollants.fr\\\/autocollant\\\/\"},{\"@type\":\"ListItem\",\"position\":2,\"name\":\"Accueil\"}]},{\"@type\":\"WebSite\",\"@id\":\"https:\\\/\\\/autocollants.fr\\\/autocollant\\\/#website\",\"url\":\"https:\\\/\\\/autocollants.fr\\\/autocollant\\\/\",\"name\":\"Autocollants.fr\",\"description\":\"Le sp\u00e9cialiste Autocollants et Stickers personnalis\u00e9s sur internet\",\"publisher\":{\"@id\":\"https:\\\/\\\/autocollants.fr\\\/autocollant\\\/#organization\"},\"potentialAction\":[{\"@type\":\"SearchAction\",\"target\":{\"@type\":\"EntryPoint\",\"urlTemplate\":\"https:\\\/\\\/autocollants.fr\\\/autocollant\\\/?s={search_term_string}\"},\"query-input\":{\"@type\":\"PropertyValueSpecification\",\"valueRequired\":true,\"valueName\":\"search_term_string\"}}],\"inLanguage\":\"fr-FR\"},{\"@type\":\"Organization\",\"@id\":\"https:\\\/\\\/autocollants.fr\\\/autocollant\\\/#organization\",\"name\":\"Autocollants.fr\",\"url\":\"https:\\\/\\\/autocollants.fr\\\/autocollant\\\/\",\"logo\":{\"@type\":\"ImageObject\",\"inLanguage\":\"fr-FR\",\"@id\":\"https:\\\/\\\/autocollants.fr\\\/autocollant\\\/#\\\/schema\\\/logo\\\/image\\\/\",\"url\":\"https:\\\/\\\/autocollants.fr\\\/autocollant\\\/wp-content\\\/uploads\\\/2024\\\/01\\\/Logo-site-1800px-1.png\",\"contentUrl\":\"https:\\\/\\\/autocollants.fr\\\/autocollant\\\/wp-content\\\/uploads\\\/2024\\\/01\\\/Logo-site-1800px-1.png\",\"width\":1873,\"height\":291,\"caption\":\"Autocollants.fr\"},\"image\":{\"@id\":\"https:\\\/\\\/autocollants.fr\\\/autocollant\\\/#\\\/schema\\\/logo\\\/image\\\/\"}}]}<\/script>\n<!-- \/ Yoast SEO plugin. -->","yoast_head_json":{"title":"Accueil - Autocollants.fr","description":"Nous sommes sp\u00e9cialis\u00e9s dans l\u2018impression d\u2019adh\u00e9sifs et travaillons avec nos prescripteurs dans toute la France et l\u2019Europe.","robots":{"index":"index","follow":"follow","max-snippet":"max-snippet:-1","max-image-preview":"max-image-preview:large","max-video-preview":"max-video-preview:-1"},"canonical":"https:\/\/autocollants.fr\/autocollant\/","og_locale":"fr_FR","og_type":"article","og_title":"Accueil - Autocollants.fr","og_description":"Nous sommes sp\u00e9cialis\u00e9s dans l\u2018impression d\u2019adh\u00e9sifs et travaillons avec nos prescripteurs dans toute la France et l\u2019Europe.","og_url":"https:\/\/autocollants.fr\/autocollant\/","og_site_name":"Autocollants.fr","article_modified_time":"2024-01-12T08:37:22+00:00","og_image":[{"url":"https:\/\/autocollants.fr\/autocollant\/wp-content\/uploads\/2021\/02\/vernis-selectif-5.jpg","type":"","width":"","height":""}],"twitter_card":"summary_large_image","twitter_misc":{"Dur\u00e9e de lecture estim\u00e9e":"2 minutes"},"schema":{"@context":"https:\/\/schema.org","@graph":[{"@type":"WebPage","@id":"https:\/\/autocollants.fr\/autocollant\/","url":"https:\/\/autocollants.fr\/autocollant\/","name":"Accueil - Autocollants.fr","isPartOf":{"@id":"https:\/\/autocollants.fr\/autocollant\/#website"},"primaryImageOfPage":{"@id":"https:\/\/autocollants.fr\/autocollant\/#primaryimage"},"image":{"@id":"https:\/\/autocollants.fr\/autocollant\/#primaryimage"},"thumbnailUrl":"https:\/\/autocollants.fr\/autocollant\/wp-content\/uploads\/2021\/02\/vernis-selectif-5.jpg","datePublished":"2021-11-21T15:12:46+00:00","dateModified":"2024-01-12T08:37:22+00:00","description":"Nous sommes sp\u00e9cialis\u00e9s dans l\u2018impression d\u2019adh\u00e9sifs et travaillons avec nos prescripteurs dans toute la France et l\u2019Europe.","breadcrumb":{"@id":"https:\/\/autocollants.fr\/autocollant\/#breadcrumb"},"inLanguage":"fr-FR","potentialAction":[{"@type":"ReadAction","target":["https:\/\/autocollants.fr\/autocollant\/"]}]},{"@type":"ImageObject","inLanguage":"fr-FR","@id":"https:\/\/autocollants.fr\/autocollant\/#primaryimage","url":"https:\/\/autocollants.fr\/autocollant\/wp-content\/uploads\/2021\/02\/vernis-selectif-5.jpg","contentUrl":"https:\/\/autocollants.fr\/autocollant\/wp-content\/uploads\/2021\/02\/vernis-selectif-5.jpg","width":800,"height":600,"caption":"vernis-selectif"},{"@type":"BreadcrumbList","@id":"https:\/\/autocollants.fr\/autocollant\/#breadcrumb","itemListElement":[{"@type":"ListItem","position":1,"name":"Accueil","item":"https:\/\/autocollants.fr\/autocollant\/"},{"@type":"ListItem","position":2,"name":"Accueil"}]},{"@type":"WebSite","@id":"https:\/\/autocollants.fr\/autocollant\/#website","url":"https:\/\/autocollants.fr\/autocollant\/","name":"Autocollants.fr","description":"Le sp\u00e9cialiste Autocollants et Stickers personnalis\u00e9s sur internet","publisher":{"@id":"https:\/\/autocollants.fr\/autocollant\/#organization"},"potentialAction":[{"@type":"SearchAction","target":{"@type":"EntryPoint","urlTemplate":"https:\/\/autocollants.fr\/autocollant\/?s={search_term_string}"},"query-input":{"@type":"PropertyValueSpecification","valueRequired":true,"valueName":"search_term_string"}}],"inLanguage":"fr-FR"},{"@type":"Organization","@id":"https:\/\/autocollants.fr\/autocollant\/#organization","name":"Autocollants.fr","url":"https:\/\/autocollants.fr\/autocollant\/","logo":{"@type":"ImageObject","inLanguage":"fr-FR","@id":"https:\/\/autocollants.fr\/autocollant\/#\/schema\/logo\/image\/","url":"https:\/\/autocollants.fr\/autocollant\/wp-content\/uploads\/2024\/01\/Logo-site-1800px-1.png","contentUrl":"https:\/\/autocollants.fr\/autocollant\/wp-content\/uploads\/2024\/01\/Logo-site-1800px-1.png","width":1873,"height":291,"caption":"Autocollants.fr"},"image":{"@id":"https:\/\/autocollants.fr\/autocollant\/#\/schema\/logo\/image\/"}}]}},"jetpack_sharing_enabled":true,"_links":{"self":[{"href":"https:\/\/autocollants.fr\/autocollant\/wp-json\/wp\/v2\/pages\/1647","targetHints":{"allow":["GET"]}}],"collection":[{"href":"https:\/\/autocollants.fr\/autocollant\/wp-json\/wp\/v2\/pages"}],"about":[{"href":"https:\/\/autocollants.fr\/autocollant\/wp-json\/wp\/v2\/types\/page"}],"author":[{"embeddable":true,"href":"https:\/\/autocollants.fr\/autocollant\/wp-json\/wp\/v2\/users\/1"}],"replies":[{"embeddable":true,"href":"https:\/\/autocollants.fr\/autocollant\/wp-json\/wp\/v2\/comments?post=1647"}],"version-history":[{"count":14,"href":"https:\/\/autocollants.fr\/autocollant\/wp-json\/wp\/v2\/pages\/1647\/revisions"}],"predecessor-version":[{"id":1680,"href":"https:\/\/autocollants.fr\/autocollant\/wp-json\/wp\/v2\/pages\/1647\/revisions\/1680"}],"wp:attachment":[{"href":"https:\/\/autocollants.fr\/autocollant\/wp-json\/wp\/v2\/media?parent=1647"}],"curies":[{"name":"wp","href":"https:\/\/api.w.org\/{rel}","templated":true}]}}